{"id":709,"date":"2020-03-26T12:08:29","date_gmt":"2020-03-26T11:08:29","guid":{"rendered":"http:\/\/xbase.unantastbar.one\/?page_id=709"},"modified":"2026-01-22T00:09:05","modified_gmt":"2026-01-21T23:09:05","slug":"impressum","status":"publish","type":"page","link":"https:\/\/www.unantastbar.one\/?page_id=709","title":{"rendered":"Impressum"},"content":{"rendered":"\t\t<div data-elementor-type=\"wp-page\" data-elementor-id=\"709\" class=\"elementor elementor-709\">\n\t\t\t\t\t\t\t\t\t<section class=\"elementor-section elementor-top-section elementor-element elementor-element-3372943 elementor-section-boxed elementor-section-height-default elementor-section-height-default\" data-id=\"3372943\" data-element_type=\"section\">\n\t\t\t\t\t\t<div class=\"elementor-container elementor-column-gap-default\">\n\t\t\t\t\t<div class=\"elementor-column elementor-col-100 elementor-top-column elementor-element elementor-element-2d69e3e\" data-id=\"2d69e3e\" data-element_type=\"column\">\n\t\t\t<div class=\"elementor-widget-wrap elementor-element-populated\">\n\t\t\t\t\t\t\t\t<div class=\"elementor-element elementor-element-23f030e elementor-widget elementor-widget-spacer\" data-id=\"23f030e\" data-element_type=\"widget\" data-widget_type=\"spacer.default\">\n\t\t\t\t<div class=\"elementor-widget-container\">\n\t\t\t\t\t<div class=\"elementor-spacer\">\n\t\t\t<div class=\"elementor-spacer-inner\"><\/div>\n\t\t<\/div>\n\t\t\t\t<\/div>\n\t\t\t\t<\/div>\n\t\t\t\t\t<\/div>\n\t\t<\/div>\n\t\t\t\t\t\t\t<\/div>\n\t\t<\/section>\n\t\t\t\t<section class=\"elementor-section elementor-top-section elementor-element elementor-element-ebd36fd elementor-section-boxed elementor-section-height-default elementor-section-height-default\" data-id=\"ebd36fd\" data-element_type=\"section\">\n\t\t\t\t\t\t<div class=\"elementor-container elementor-column-gap-default\">\n\t\t\t\t\t<div class=\"elementor-column elementor-col-50 elementor-top-column elementor-element elementor-element-1d056dc\" data-id=\"1d056dc\" data-element_type=\"column\">\n\t\t\t<div class=\"elementor-widget-wrap elementor-element-populated\">\n\t\t\t\t\t\t\t\t<div class=\"elementor-element elementor-element-f99aaa0 elementor-widget elementor-widget-text-editor\" data-id=\"f99aaa0\" data-element_type=\"widget\" data-widget_type=\"text-editor.default\">\n\t\t\t\t<div class=\"elementor-widget-container\">\n\t\t\t\t\t\t\t<p><strong>Unantastbar D\u00fcsseldorf<br \/><\/strong><em>c\/o Gastst\u00e4tte Zur Sch\u00f6nau<\/em><br \/>Heyestr. 3<br \/>40625 D\u00fcsseldorf<\/p><p>(0178) 377 66 70<\/p><p><a href=\"http:\/\/www.unantastbar.one\" target=\"_blank\" rel=\"noopener\">www.unantastbar.one<\/a> \/ <a href=\"http:\/\/www.uatb.de\" target=\"_blank\" rel=\"noopener\">www.uatb.de<\/a><br \/><a href=\"mailto:team@unantastbar.one\" target=\"_blank\" rel=\"noopener\">team@unantastbar.one<\/a><\/p><p>Verantwortlich nach \u00a7 5 TMG: <em>UnantastbarD\u00fcsseldorf<\/em><br \/><strong><br \/><\/strong><\/p>\t\t\t\t\t\t<\/div>\n\t\t\t\t<\/div>\n\t\t\t\t\t<\/div>\n\t\t<\/div>\n\t\t\t\t<div class=\"elementor-column elementor-col-50 elementor-top-column elementor-element elementor-element-3d0ac77\" data-id=\"3d0ac77\" data-element_type=\"column\">\n\t\t\t<div class=\"elementor-widget-wrap elementor-element-populated\">\n\t\t\t\t\t\t\t\t<div class=\"elementor-element elementor-element-9dec2c6 elementor-widget elementor-widget-google_maps\" data-id=\"9dec2c6\" data-element_type=\"widget\" data-widget_type=\"google_maps.default\">\n\t\t\t\t<div class=\"elementor-widget-container\">\n\t\t\t\t\t<div class=\"elementor-custom-embed\">\n\t\t\t<iframe loading=\"lazy\"\n\t\t\t\t\tsrc=\"https:\/\/maps.google.com\/maps?q=Zur%20Sch%C3%B6nau%2C%20Heyestr.%203%2C%2040625D%C3%BCsseldorf&#038;t=m&#038;z=16&#038;output=embed&#038;iwloc=near\"\n\t\t\t\t\ttitle=\"Zur Sch\u00f6nau, Heyestr. 3, 40625D\u00fcsseldorf\"\n\t\t\t\t\taria-label=\"Zur Sch\u00f6nau, Heyestr. 3, 40625D\u00fcsseldorf\"\n\t\t\t><\/iframe>\n\t\t<\/div>\n\t\t\t\t<\/div>\n\t\t\t\t<\/div>\n\t\t\t\t\t<\/div>\n\t\t<\/div>\n\t\t\t\t\t\t\t<\/div>\n\t\t<\/section>\n\t\t\t\t\t\t\t<\/div>\n\t\t","protected":false},"excerpt":{"rendered":"<p>Unantastbar D\u00fcsseldorfc\/o Gastst\u00e4tte Zur Sch\u00f6nauHeyestr. 340625 D\u00fcsseldorf (0178) 377 66 70 www.unantastbar.one \/ www.uatb.deteam@unantastbar.one Verantwortlich nach \u00a7 5 TMG: UnantastbarD\u00fcsseldorf<\/p>\n","protected":false},"author":1,"featured_media":0,"parent":0,"menu_order":0,"comment_status":"closed","ping_status":"closed","template":"elementor_header_footer","meta":{"footnotes":""},"class_list":["post-709","page","type-page","status-publish","hentry"],"_links":{"self":[{"href":"https:\/\/www.unantastbar.one\/index.php?rest_route=\/wp\/v2\/pages\/709","targetHints":{"allow":["GET"]}}],"collection":[{"href":"https:\/\/www.unantastbar.one\/index.php?rest_route=\/wp\/v2\/pages"}],"about":[{"href":"https:\/\/www.unantastbar.one\/index.php?rest_route=\/wp\/v2\/types\/page"}],"author":[{"embeddable":true,"href":"https:\/\/www.unantastbar.one\/index.php?rest_route=\/wp\/v2\/users\/1"}],"replies":[{"embeddable":true,"href":"https:\/\/www.unantastbar.one\/index.php?rest_route=%2Fwp%2Fv2%2Fcomments&post=709"}],"version-history":[{"count":39,"href":"https:\/\/www.unantastbar.one\/index.php?rest_route=\/wp\/v2\/pages\/709\/revisions"}],"predecessor-version":[{"id":1659,"href":"https:\/\/www.unantastbar.one\/index.php?rest_route=\/wp\/v2\/pages\/709\/revisions\/1659"}],"wp:attachment":[{"href":"https:\/\/www.unantastbar.one\/index.php?rest_route=%2Fwp%2Fv2%2Fmedia&parent=709"}],"curies":[{"name":"wp","href":"https:\/\/api.w.org\/{rel}","templated":true}]}}