{"id":2,"date":"2019-12-31T02:41:15","date_gmt":"2019-12-31T01:41:15","guid":{"rendered":"http:\/\/xbase.unantastbar.one\/?page_id=2"},"modified":"2026-01-30T00:50:06","modified_gmt":"2026-01-29T23:50:06","slug":"beispiel-seite","status":"publish","type":"page","link":"https:\/\/www.unantastbar.one\/?page_id=2","title":{"rendered":"Das Team"},"content":{"rendered":"\t\t<div data-elementor-type=\"wp-page\" data-elementor-id=\"2\" class=\"elementor elementor-2\">\n\t\t\t\t\t\t\t\t\t<section class=\"elementor-section elementor-top-section elementor-element elementor-element-52a5893 elementor-section-boxed elementor-section-height-default elementor-section-height-default\" data-id=\"52a5893\" data-element_type=\"section\">\n\t\t\t\t\t\t<div class=\"elementor-container elementor-column-gap-default\">\n\t\t\t\t\t<div class=\"elementor-column elementor-col-20 elementor-top-column elementor-element elementor-element-7757b97\" data-id=\"7757b97\" data-element_type=\"column\">\n\t\t\t<div class=\"elementor-widget-wrap elementor-element-populated\">\n\t\t\t\t\t\t\t\t<div class=\"elementor-element elementor-element-c622266 elementor-widget elementor-widget-image\" data-id=\"c622266\" data-element_type=\"widget\" data-widget_type=\"image.default\">\n\t\t\t\t<div class=\"elementor-widget-container\">\n\t\t\t\t\t\t\t\t\t\t\t\t\t\t\t<img decoding=\"async\" width=\"150\" height=\"150\" src=\"https:\/\/www.unantastbar.one\/wp-content\/uploads\/2020\/03\/tota-team-150x150.png\" class=\"attachment-thumbnail size-thumbnail wp-image-510\" alt=\"\" srcset=\"https:\/\/www.unantastbar.one\/wp-content\/uploads\/2020\/03\/tota-team-150x150.png 150w, https:\/\/www.unantastbar.one\/wp-content\/uploads\/2020\/03\/tota-team-300x300.png 300w, https:\/\/www.unantastbar.one\/wp-content\/uploads\/2020\/03\/tota-team-100x100.png 100w, https:\/\/www.unantastbar.one\/wp-content\/uploads\/2020\/03\/tota-team.png 400w\" sizes=\"(max-width: 150px) 100vw, 150px\" \/>\t\t\t\t\t\t\t\t\t\t\t\t\t\t\t<\/div>\n\t\t\t\t<\/div>\n\t\t\t\t\t<\/div>\n\t\t<\/div>\n\t\t\t\t<div class=\"elementor-column elementor-col-20 elementor-top-column elementor-element elementor-element-3fd6057\" data-id=\"3fd6057\" data-element_type=\"column\">\n\t\t\t<div class=\"elementor-widget-wrap\">\n\t\t\t\t\t\t\t\t\t<\/div>\n\t\t<\/div>\n\t\t\t\t<div class=\"elementor-column elementor-col-20 elementor-top-column elementor-element elementor-element-a8c8e8c\" data-id=\"a8c8e8c\" data-element_type=\"column\">\n\t\t\t<div class=\"elementor-widget-wrap\">\n\t\t\t\t\t\t\t\t\t<\/div>\n\t\t<\/div>\n\t\t\t\t<div class=\"elementor-column elementor-col-20 elementor-top-column elementor-element elementor-element-b3f0b4a\" data-id=\"b3f0b4a\" data-element_type=\"column\">\n\t\t\t<div class=\"elementor-widget-wrap elementor-element-populated\">\n\t\t\t\t\t\t\t\t<div class=\"elementor-element elementor-element-376a40b elementor-widget elementor-widget-image\" data-id=\"376a40b\" data-element_type=\"widget\" data-widget_type=\"image.default\">\n\t\t\t\t<div class=\"elementor-widget-container\">\n\t\t\t\t\t\t\t\t\t\t\t\t\t\t\t<img decoding=\"async\" width=\"150\" height=\"150\" src=\"https:\/\/www.unantastbar.one\/wp-content\/uploads\/2020\/03\/jan-team-150x150.png\" class=\"attachment-thumbnail size-thumbnail wp-image-584\" alt=\"\" srcset=\"https:\/\/www.unantastbar.one\/wp-content\/uploads\/2020\/03\/jan-team-150x150.png 150w, https:\/\/www.unantastbar.one\/wp-content\/uploads\/2020\/03\/jan-team-300x300.png 300w, https:\/\/www.unantastbar.one\/wp-content\/uploads\/2020\/03\/jan-team-100x100.png 100w, https:\/\/www.unantastbar.one\/wp-content\/uploads\/2020\/03\/jan-team.png 400w\" sizes=\"(max-width: 150px) 100vw, 150px\" \/>\t\t\t\t\t\t\t\t\t\t\t\t\t\t\t<\/div>\n\t\t\t\t<\/div>\n\t\t\t\t\t<\/div>\n\t\t<\/div>\n\t\t\t\t<div class=\"elementor-column elementor-col-20 elementor-top-column elementor-element elementor-element-c2ddb25\" data-id=\"c2ddb25\" data-element_type=\"column\">\n\t\t\t<div class=\"elementor-widget-wrap\">\n\t\t\t\t\t\t\t\t\t<\/div>\n\t\t<\/div>\n\t\t\t\t\t\t\t<\/div>\n\t\t<\/section>\n\t\t\t\t<section class=\"elementor-section elementor-top-section elementor-element elementor-element-cff4526 elementor-section-boxed elementor-section-height-default elementor-section-height-default\" data-id=\"cff4526\" data-element_type=\"section\">\n\t\t\t\t\t\t<div class=\"elementor-container elementor-column-gap-default\">\n\t\t\t\t\t<div class=\"elementor-column elementor-col-20 elementor-top-column elementor-element elementor-element-fa2fa2b\" data-id=\"fa2fa2b\" data-element_type=\"column\">\n\t\t\t<div class=\"elementor-widget-wrap elementor-element-populated\">\n\t\t\t\t\t\t\t\t<div class=\"elementor-element elementor-element-7ba21eb elementor-widget elementor-widget-image\" data-id=\"7ba21eb\" data-element_type=\"widget\" data-widget_type=\"image.default\">\n\t\t\t\t<div class=\"elementor-widget-container\">\n\t\t\t\t\t\t\t\t\t\t\t\t\t\t\t<img decoding=\"async\" width=\"150\" height=\"150\" src=\"https:\/\/www.unantastbar.one\/wp-content\/uploads\/2024\/04\/euro-150x150.png\" class=\"attachment-thumbnail size-thumbnail wp-image-1589\" alt=\"\" srcset=\"https:\/\/www.unantastbar.one\/wp-content\/uploads\/2024\/04\/euro-150x150.png 150w, https:\/\/www.unantastbar.one\/wp-content\/uploads\/2024\/04\/euro-300x300.png 300w, https:\/\/www.unantastbar.one\/wp-content\/uploads\/2024\/04\/euro.png 400w\" sizes=\"(max-width: 150px) 100vw, 150px\" \/>\t\t\t\t\t\t\t\t\t\t\t\t\t\t\t<\/div>\n\t\t\t\t<\/div>\n\t\t\t\t\t<\/div>\n\t\t<\/div>\n\t\t\t\t<div class=\"elementor-column elementor-col-20 elementor-top-column elementor-element elementor-element-9ef96b0\" data-id=\"9ef96b0\" data-element_type=\"column\">\n\t\t\t<div class=\"elementor-widget-wrap\">\n\t\t\t\t\t\t\t\t\t<\/div>\n\t\t<\/div>\n\t\t\t\t<div class=\"elementor-column elementor-col-20 elementor-top-column elementor-element elementor-element-4566877\" data-id=\"4566877\" data-element_type=\"column\">\n\t\t\t<div class=\"elementor-widget-wrap\">\n\t\t\t\t\t\t\t\t\t<\/div>\n\t\t<\/div>\n\t\t\t\t<div class=\"elementor-column elementor-col-20 elementor-top-column elementor-element elementor-element-a79f893\" data-id=\"a79f893\" data-element_type=\"column\">\n\t\t\t<div class=\"elementor-widget-wrap elementor-element-populated\">\n\t\t\t\t\t\t\t\t<div class=\"elementor-element elementor-element-e89ecc0 elementor-widget elementor-widget-image\" data-id=\"e89ecc0\" data-element_type=\"widget\" data-widget_type=\"image.default\">\n\t\t\t\t<div class=\"elementor-widget-container\">\n\t\t\t\t\t\t\t\t\t\t\t\t\t\t\t<img loading=\"lazy\" decoding=\"async\" width=\"150\" height=\"150\" src=\"https:\/\/www.unantastbar.one\/wp-content\/uploads\/2020\/03\/maik-team-150x150.png\" class=\"attachment-thumbnail size-thumbnail wp-image-585\" alt=\"\" srcset=\"https:\/\/www.unantastbar.one\/wp-content\/uploads\/2020\/03\/maik-team-150x150.png 150w, https:\/\/www.unantastbar.one\/wp-content\/uploads\/2020\/03\/maik-team-300x300.png 300w, https:\/\/www.unantastbar.one\/wp-content\/uploads\/2020\/03\/maik-team-100x100.png 100w, https:\/\/www.unantastbar.one\/wp-content\/uploads\/2020\/03\/maik-team.png 400w\" sizes=\"(max-width: 150px) 100vw, 150px\" \/>\t\t\t\t\t\t\t\t\t\t\t\t\t\t\t<\/div>\n\t\t\t\t<\/div>\n\t\t\t\t\t<\/div>\n\t\t<\/div>\n\t\t\t\t<div class=\"elementor-column elementor-col-20 elementor-top-column elementor-element elementor-element-d6b9124\" data-id=\"d6b9124\" data-element_type=\"column\">\n\t\t\t<div class=\"elementor-widget-wrap\">\n\t\t\t\t\t\t\t\t\t<\/div>\n\t\t<\/div>\n\t\t\t\t\t\t\t<\/div>\n\t\t<\/section>\n\t\t\t\t<section class=\"elementor-section elementor-top-section elementor-element elementor-element-0b22ff6 elementor-section-boxed elementor-section-height-default elementor-section-height-default\" data-id=\"0b22ff6\" data-element_type=\"section\">\n\t\t\t\t\t\t<div class=\"elementor-container elementor-column-gap-default\">\n\t\t\t\t\t<div class=\"elementor-column elementor-col-100 elementor-top-column elementor-element elementor-element-60ee299\" data-id=\"60ee299\" data-element_type=\"column\">\n\t\t\t<div class=\"elementor-widget-wrap elementor-element-populated\">\n\t\t\t\t\t\t\t\t<div class=\"elementor-element elementor-element-2560df0 elementor-widget elementor-widget-text-editor\" data-id=\"2560df0\" data-element_type=\"widget\" data-widget_type=\"text-editor.default\">\n\t\t\t\t<div class=\"elementor-widget-container\">\n\t\t\t\t\t\t\t<p style=\"text-align: center;\">Unser Team f\u00fcr die DEDSO Bundesliga Saison 2026\/2027<\/p>\t\t\t\t\t\t<\/div>\n\t\t\t\t<\/div>\n\t\t\t\t\t<\/div>\n\t\t<\/div>\n\t\t\t\t\t\t\t<\/div>\n\t\t<\/section>\n\t\t\t\t<section class=\"elementor-section elementor-top-section elementor-element elementor-element-5442128 elementor-section-boxed elementor-section-height-default elementor-section-height-default\" data-id=\"5442128\" data-element_type=\"section\">\n\t\t\t\t\t\t<div class=\"elementor-container elementor-column-gap-default\">\n\t\t\t\t\t<div class=\"elementor-column elementor-col-100 elementor-top-column elementor-element elementor-element-8911b6d\" data-id=\"8911b6d\" data-element_type=\"column\">\n\t\t\t<div class=\"elementor-widget-wrap elementor-element-populated\">\n\t\t\t\t\t\t\t\t<div class=\"elementor-element elementor-element-f785a4f elementor-widget elementor-widget-text-editor\" data-id=\"f785a4f\" data-element_type=\"widget\" data-widget_type=\"text-editor.default\">\n\t\t\t\t<div class=\"elementor-widget-container\">\n\t\t\t\t\t\t\t<p><strong>a part of the Team&#8230;<\/strong> ohne unsere lieben Menschen im Hintergrund geht es nicht. Hier sind die Menschen, die zur Unantastbar Familie geh\u00f6ren und viele Dinge f\u00fcr uns organisieren und uns auch &#8222;Arbeit&#8220; abnehmen, daf\u00fcr Danke. Nat\u00fcrlich m\u00fcssen wir unsere Wirtin hervorheben&#8230; im \u00fcbrigen\u00a0 die beste Wirtin, die es gibt. Sandra\u00a0 zaubert immer leckeres Essen und passt auf, dass keiner von uns und von unseren G\u00e4sten verdurstet&#8230; daf\u00fcr (und f\u00fcr vieles mehr) <strong>DANKE!<\/strong><\/p><p>Bekanntlich kommt das Beste immer zum Schlu\u00df&#8230; ein ganz gro\u00dfes Danke geht nat\u00fcrlich an unsere Frauen (und jetzt ganz neu, auch M\u00e4nner), die den ganzen Zirkus mit uns mitmachen und auch mit fiebern&#8230; allen sei gesagt: <strong>DANKE, DANKE, DANKE<\/strong>&#8230; ohne euch w\u00e4ren wir nicht wir!!!<\/p>\t\t\t\t\t\t<\/div>\n\t\t\t\t<\/div>\n\t\t\t\t\t<\/div>\n\t\t<\/div>\n\t\t\t\t\t\t\t<\/div>\n\t\t<\/section>\n\t\t\t\t<section class=\"elementor-section elementor-top-section elementor-element elementor-element-10082f5 elementor-section-content-middle elementor-section-boxed elementor-section-height-default elementor-section-height-default\" data-id=\"10082f5\" data-element_type=\"section\">\n\t\t\t\t\t\t<div class=\"elementor-container elementor-column-gap-no\">\n\t\t\t\t\t<div class=\"elementor-column elementor-col-100 elementor-top-column elementor-element elementor-element-1271214\" data-id=\"1271214\" data-element_type=\"column\">\n\t\t\t<div class=\"elementor-widget-wrap elementor-element-populated\">\n\t\t\t\t\t\t\t\t<div class=\"elementor-element elementor-element-b440a9a elementor-position-top elementor-widget elementor-widget-image-box\" data-id=\"b440a9a\" data-element_type=\"widget\" data-widget_type=\"image-box.default\">\n\t\t\t\t<div class=\"elementor-widget-container\">\n\t\t\t<div class=\"elementor-image-box-wrapper\"><figure class=\"elementor-image-box-img\"><img loading=\"lazy\" decoding=\"async\" width=\"150\" height=\"150\" src=\"https:\/\/www.unantastbar.one\/wp-content\/uploads\/2020\/03\/sandra-150x150.png\" class=\"elementor-animation-pulse-grow attachment-thumbnail size-thumbnail wp-image-877\" alt=\"\" srcset=\"https:\/\/www.unantastbar.one\/wp-content\/uploads\/2020\/03\/sandra-150x150.png 150w, https:\/\/www.unantastbar.one\/wp-content\/uploads\/2020\/03\/sandra-300x300.png 300w, https:\/\/www.unantastbar.one\/wp-content\/uploads\/2020\/03\/sandra.png 400w\" sizes=\"(max-width: 150px) 100vw, 150px\" \/><\/figure><div class=\"elementor-image-box-content\"><h3 class=\"elementor-image-box-title\">Sandra Stenzel<\/h3><p class=\"elementor-image-box-description\">Wirtin \"Zur Sch\u00f6nau\"<\/p><\/div><\/div>\t\t<\/div>\n\t\t\t\t<\/div>\n\t\t\t\t\t<\/div>\n\t\t<\/div>\n\t\t\t\t\t\t\t<\/div>\n\t\t<\/section>\n\t\t\t\t<section class=\"elementor-section elementor-top-section elementor-element elementor-element-135bee7 elementor-section-boxed elementor-section-height-default elementor-section-height-default\" data-id=\"135bee7\" data-element_type=\"section\">\n\t\t\t\t\t\t<div class=\"elementor-container elementor-column-gap-default\">\n\t\t\t\t\t<div class=\"elementor-column elementor-col-100 elementor-top-column elementor-element elementor-element-7f685a8\" data-id=\"7f685a8\" data-element_type=\"column\">\n\t\t\t<div class=\"elementor-widget-wrap elementor-element-populated\">\n\t\t\t\t\t\t\t\t<div class=\"elementor-element elementor-element-30d1e0e elementor-widget elementor-widget-text-editor\" data-id=\"30d1e0e\" data-element_type=\"widget\" data-widget_type=\"text-editor.default\">\n\t\t\t\t<div class=\"elementor-widget-container\">\n\t\t\t\t\t\t\t<p>Unser Spielort f\u00fcr die Ligaspiele der <strong>DEDSO Bundesliga<\/strong> ist nat\u00fcrlich unser Wohnzimmer, die Gastst\u00e4tte <strong>Zur Sch\u00f6nau<\/strong> auf der Heyestr. 3 in 40625 <strong>D\u00fcsseldorf<\/strong>&#8230; in der Gerresheim(at):<\/p>\t\t\t\t\t\t<\/div>\n\t\t\t\t<\/div>\n\t\t\t\t\t<\/div>\n\t\t<\/div>\n\t\t\t\t\t\t\t<\/div>\n\t\t<\/section>\n\t\t\t\t<section class=\"elementor-section elementor-top-section elementor-element elementor-element-6f689de elementor-section-boxed elementor-section-height-default elementor-section-height-default\" data-id=\"6f689de\" data-element_type=\"section\">\n\t\t\t\t\t\t<div class=\"elementor-container elementor-column-gap-default\">\n\t\t\t\t\t<div class=\"elementor-column elementor-col-100 elementor-top-column elementor-element elementor-element-ac99a94\" data-id=\"ac99a94\" data-element_type=\"column\">\n\t\t\t<div class=\"elementor-widget-wrap elementor-element-populated\">\n\t\t\t\t\t\t\t\t<div class=\"elementor-element elementor-element-487c948 elementor-widget elementor-widget-google_maps\" data-id=\"487c948\" data-element_type=\"widget\" data-widget_type=\"google_maps.default\">\n\t\t\t\t<div class=\"elementor-widget-container\">\n\t\t\t\t\t<div class=\"elementor-custom-embed\">\n\t\t\t<iframe loading=\"lazy\"\n\t\t\t\t\tsrc=\"https:\/\/maps.google.com\/maps?q=Zur%20Sch%C3%B6nau%2C%20Heyestr.%203%2C%2040625%20D%C3%BCsseldorf&#038;t=m&#038;z=13&#038;output=embed&#038;iwloc=near\"\n\t\t\t\t\ttitle=\"Zur Sch\u00f6nau, Heyestr. 3, 40625 D\u00fcsseldorf\"\n\t\t\t\t\taria-label=\"Zur Sch\u00f6nau, Heyestr. 3, 40625 D\u00fcsseldorf\"\n\t\t\t><\/iframe>\n\t\t<\/div>\n\t\t\t\t<\/div>\n\t\t\t\t<\/div>\n\t\t\t\t\t<\/div>\n\t\t<\/div>\n\t\t\t\t\t\t\t<\/div>\n\t\t<\/section>\n\t\t\t\t<section class=\"elementor-section elementor-top-section elementor-element elementor-element-8a1743c elementor-section-boxed elementor-section-height-default elementor-section-height-default\" data-id=\"8a1743c\" data-element_type=\"section\">\n\t\t\t\t\t\t<div class=\"elementor-container elementor-column-gap-default\">\n\t\t\t\t\t<div class=\"elementor-column elementor-col-100 elementor-top-column elementor-element elementor-element-a2f3ea3\" data-id=\"a2f3ea3\" data-element_type=\"column\">\n\t\t\t<div class=\"elementor-widget-wrap\">\n\t\t\t\t\t\t\t\t\t<\/div>\n\t\t<\/div>\n\t\t\t\t\t\t\t<\/div>\n\t\t<\/section>\n\t\t\t\t<section class=\"elementor-section elementor-top-section elementor-element elementor-element-7e847bb elementor-section-boxed elementor-section-height-default elementor-section-height-default\" data-id=\"7e847bb\" data-element_type=\"section\">\n\t\t\t\t\t\t<div class=\"elementor-container elementor-column-gap-default\">\n\t\t\t\t\t<div class=\"elementor-column elementor-col-100 elementor-top-column elementor-element elementor-element-563bec5\" data-id=\"563bec5\" data-element_type=\"column\">\n\t\t\t<div class=\"elementor-widget-wrap\">\n\t\t\t\t\t\t\t\t\t<\/div>\n\t\t<\/div>\n\t\t\t\t\t\t\t<\/div>\n\t\t<\/section>\n\t\t\t\t\t\t\t<\/div>\n\t\t","protected":false},"excerpt":{"rendered":"<p>Unser Team f\u00fcr die DEDSO Bundesliga Saison 2026\/2027 a part of the Team&#8230; ohne unsere lieben Menschen im Hintergrund geht es nicht. Hier sind die Menschen, die zur Unantastbar Familie geh\u00f6ren und viele Dinge f\u00fcr uns organisieren und uns auch &#8222;Arbeit&#8220; abnehmen, daf\u00fcr Danke. Nat\u00fcrlich m\u00fcssen wir unsere Wirtin hervorheben&#8230; im \u00fcbrigen\u00a0 die beste Wirtin,&hellip; <\/p>\n","protected":false},"author":1,"featured_media":0,"parent":0,"menu_order":0,"comment_status":"closed","ping_status":"open","template":"elementor_header_footer","meta":{"footnotes":""},"class_list":["post-2","page","type-page","status-publish","hentry"],"_links":{"self":[{"href":"https:\/\/www.unantastbar.one\/index.php?rest_route=\/wp\/v2\/pages\/2","targetHints":{"allow":["GET"]}}],"collection":[{"href":"https:\/\/www.unantastbar.one\/index.php?rest_route=\/wp\/v2\/pages"}],"about":[{"href":"https:\/\/www.unantastbar.one\/index.php?rest_route=\/wp\/v2\/types\/page"}],"author":[{"embeddable":true,"href":"https:\/\/www.unantastbar.one\/index.php?rest_route=\/wp\/v2\/users\/1"}],"replies":[{"embeddable":true,"href":"https:\/\/www.unantastbar.one\/index.php?rest_route=%2Fwp%2Fv2%2Fcomments&post=2"}],"version-history":[{"count":411,"href":"https:\/\/www.unantastbar.one\/index.php?rest_route=\/wp\/v2\/pages\/2\/revisions"}],"predecessor-version":[{"id":1734,"href":"https:\/\/www.unantastbar.one\/index.php?rest_route=\/wp\/v2\/pages\/2\/revisions\/1734"}],"wp:attachment":[{"href":"https:\/\/www.unantastbar.one\/index.php?rest_route=%2Fwp%2Fv2%2Fmedia&parent=2"}],"curies":[{"name":"wp","href":"https:\/\/api.w.org\/{rel}","templated":true}]}}